{"id":53,"date":"2019-08-15T12:57:49","date_gmt":"2019-08-15T16:57:49","guid":{"rendered":"https:\/\/www.valentinacarielart.com\/?page_id=53"},"modified":"2025-06-26T12:48:30","modified_gmt":"2025-06-26T16:48:30","slug":"about","status":"publish","type":"page","link":"https:\/\/valentinacarielart.com\/es\/about\/","title":{"rendered":"Acerca de m\u00ed"},"content":{"rendered":"<p class=\"has-very-dark-gray-color has-text-color\">Hola soy Valentina, pero me puedes llamar Valen.<\/p>\n\n\n\n<div style=\"height:20px\" aria-hidden=\"true\" class=\"wp-block-spacer\"><\/div>\n\n\n\n<p class=\"has-very-dark-gray-color has-text-color\">Soy una ilustradora biling\u00fce, Social Media Manager y Redactora Publicitaria de Venezuela. He trabajado con clientes en mi pa\u00eds y en los Estados Unidos.<\/p>\n\n\n\n<div style=\"height:20px\" aria-hidden=\"true\" class=\"wp-block-spacer\"><\/div>\n\n\n\n<p class=\"has-very-dark-gray-color has-text-color\">Mi pasi\u00f3n es crear cosas nuevas, especialmente dibujar retratos, patrones y personajes en mi estilo de medios tradicionales y digitales. Los colores vibrantes y texturas est\u00e1n presentes con regularidad en mi trabajo. He estado creando y mejorando mi estilo desde 2014.<\/p>\n\n\n\n<div style=\"height:20px\" aria-hidden=\"true\" class=\"wp-block-spacer\"><\/div>\n\n\n\n<p class=\"has-very-dark-gray-color has-text-color\">He hecho ilustraciones para afiches, franelas, productos y storyboards.<\/p>\n\n\n\n<div style=\"height:20px\" aria-hidden=\"true\" class=\"wp-block-spacer\"><\/div>\n\n\n\n<p class=\"has-very-dark-gray-color has-text-color\">Cuando no estoy dibujando, estoy escribiendo, creando estrategias para redes sociales, descubriendo nueva m\u00fasica, probando una nueva receta o poni\u00e9ndome al d\u00eda con una buena serie.<\/p>\n\n\n\n<div style=\"height:20px\" aria-hidden=\"true\" class=\"wp-block-spacer\"><\/div>\n\n\n\n<p class=\"has-very-dark-gray-color has-text-color\">Pongo un poco de mi coraz\u00f3n en todo lo que hago,  as\u00ed que cada pieza aqu\u00ed contiene mi esfuerzo, pasi\u00f3n y dedicaci\u00f3n en ella.<\/p>\n\n\n\n<div style=\"height:26px\" aria-hidden=\"true\" class=\"wp-block-spacer\"><\/div>\n\n\n\n<hr class=\"wp-block-separator has-css-opacity\"\/>\n\n\n\n<div style=\"height:25px\" aria-hidden=\"true\" class=\"wp-block-spacer\"><\/div>\n\n\n\n<h2 class=\"wp-block-heading has-text-align-center has-very-dark-gray-color has-text-color\"><strong>Menciones y colaboraciones<\/strong><\/h2>\n\n\n\n<div style=\"height:25px\" aria-hidden=\"true\" class=\"wp-block-spacer\"><\/div>\n\n\n\n<p class=\"has-text-align-left has-primary-color has-text-color has-link-color wp-elements-6c74a3f3db0bb230d22d77f9b32c8630\">Jonas Brothers \u2013 Historias de Instagram ( Junio 2019)<\/p>\n\n\n\n<p class=\"has-text-align-left has-primary-color has-text-color has-link-color wp-elements-445d625ea8b73f6ddb448e861fb9fa78\">Redbubble \u2013 Artista destacada (November 2016)<\/p>\n\n\n\n<p class=\"has-text-align-left has-primary-color has-text-color has-link-color wp-elements-cb6f134f81b8171bf700015ded8b1f3f\">Society6 \u2013 Dise\u00f1o Promocionado<\/p>\n\n\n\n<p class=\"has-text-align-left\">Redbubble - Insignia de Fanartist<\/p>\n\n\n\n<p class=\"has-text-align-left has-primary-color has-text-color has-link-color wp-elements-c0344517625c4fcf48532e0fadf7a0d9\">Jonas Brothers \u2013 Instagram Stories (Abril 2023)<\/p>\n\n\n\n<p class=\"has-text-align-left has-primary-color has-text-color has-link-color wp-elements-0ab0c64efabda92e69da967a1c0453a3\">Feria Internacional del Libro Universidad de Carabobo, FILUC (October 2023)<\/p>\n\n\n\n<p class=\"has-text-align-left\">UGC Video &#8211; Main Paper Venezuela (2024)<\/p>\n\n\n\n<p class=\"has-text-align-left\">The Dead Club Chronicle &#8211; Nothing But Thieves Fanzine (2025)<\/p>\n\n\n\n<p class=\"has-text-align-left\">Instagram Reel &#8211; Nothing But Thieves (2025)<\/p>\n\n\n\n<div style=\"height:25px\" aria-hidden=\"true\" class=\"wp-block-spacer\"><\/div>\n\n\n\n<hr class=\"wp-block-separator has-css-opacity\"\/>\n\n\n\n<div style=\"height:25px\" aria-hidden=\"true\" class=\"wp-block-spacer\"><\/div>\n\n\n\n<h2 class=\"wp-block-heading has-text-align-center has-very-dark-gray-color has-text-color\"><strong>Services<\/strong><\/h2>\n\n\n\n<div style=\"height:20px\" aria-hidden=\"true\" class=\"wp-block-spacer\"><\/div>\n\n\n\n<ul class=\"wp-block-list\">\n<li>Album Cover Art<\/li>\n\n\n\n<li>Book\/Book Cover Illustration<\/li>\n\n\n\n<li>Brand Collabs<\/li>\n\n\n\n<li>Character Design<\/li>\n\n\n\n<li>Merch Design<\/li>\n\n\n\n<li>Pattern Design<\/li>\n\n\n\n<li>Poster Design<\/li>\n\n\n\n<li>Workshops<\/li>\n<\/ul>\n\n\n\n<p><\/p>\n\n\n\n<p class=\"has-x-large-font-size\">Want to work with me?<\/p>\n\n\n\n<div class=\"wp-block-buttons is-content-justification-left is-layout-flex wp-container-core-buttons-is-layout-fc4fd283 wp-block-buttons-is-layout-flex\">\n<div class=\"wp-block-button\"><a class=\"wp-block-button__link has-text-align-center wp-element-button\" href=\"mailto:hello@valentinacarielart.com\" target=\"_blank\" rel=\"noreferrer noopener\">Get in touch<\/a><\/div>\n<\/div>","protected":false},"excerpt":{"rendered":"<p>Hi! I&#8217;m Valentina, but you can call me Valen. I&#8217;m a bilingual Illustrator, Social Media Manager, and Copywriter based in Venezuela. I&#8217;ve worked with clients in my country and the US. My passion is creating new things, especially drawing portraits, patterns, and characters in traditional and digital media. Bold colors and textures are often present [&hellip;]<\/p>\n","protected":false},"author":2,"featured_media":0,"parent":0,"menu_order":0,"comment_status":"closed","ping_status":"closed","template":"","meta":{"footnotes":""},"class_list":["post-53","page","type-page","status-publish","hentry"],"yoast_head":"<!-- This site is optimized with the Yoast SEO plugin v27.2 - https:\/\/yoast.com\/product\/yoast-seo-wordpress\/ -->\n<title>About - Valentina Cariel<\/title>\n<meta name=\"robots\" content=\"index, follow, max-snippet:-1, max-image-preview:large, max-video-preview:-1\" \/>\n<link rel=\"canonical\" href=\"https:\/\/valentinacarielart.com\/es\/about\/\" \/>\n<meta property=\"og:locale\" content=\"es_ES\" \/>\n<meta property=\"og:type\" content=\"article\" \/>\n<meta property=\"og:title\" content=\"About - Valentina Cariel\" \/>\n<meta property=\"og:description\" content=\"Hi! I&#8217;m Valentina, but you can call me Valen. I&#8217;m a bilingual Illustrator, Social Media Manager, and Copywriter based in Venezuela. I&#8217;ve worked with clients in my country and the US. My passion is creating new things, especially drawing portraits, patterns, and characters in traditional and digital media. Bold colors and textures are often present [&hellip;]\" \/>\n<meta property=\"og:url\" content=\"https:\/\/valentinacarielart.com\/es\/about\/\" \/>\n<meta property=\"og:site_name\" content=\"Valentina Cariel\" \/>\n<meta property=\"article:modified_time\" content=\"2025-06-26T16:48:30+00:00\" \/>\n<meta name=\"twitter:card\" content=\"summary_large_image\" \/>\n<meta name=\"twitter:label1\" content=\"Tiempo estimado de lectura\" \/>\n\t<meta name=\"twitter:data1\" content=\"1 minuto\" \/>\n<script type=\"application\/ld+json\" class=\"yoast-schema-graph\">{\"@context\":\"https:\/\/schema.org\",\"@graph\":[{\"@type\":\"WebPage\",\"@id\":\"https:\/\/valentinacarielart.com\/about\/\",\"url\":\"https:\/\/valentinacarielart.com\/about\/\",\"name\":\"About - Valentina Cariel\",\"isPartOf\":{\"@id\":\"https:\/\/valentinacarielart.com\/#website\"},\"datePublished\":\"2019-08-15T16:57:49+00:00\",\"dateModified\":\"2025-06-26T16:48:30+00:00\",\"breadcrumb\":{\"@id\":\"https:\/\/valentinacarielart.com\/about\/#breadcrumb\"},\"inLanguage\":\"es\",\"potentialAction\":[{\"@type\":\"ReadAction\",\"target\":[\"https:\/\/valentinacarielart.com\/about\/\"]}]},{\"@type\":\"BreadcrumbList\",\"@id\":\"https:\/\/valentinacarielart.com\/about\/#breadcrumb\",\"itemListElement\":[{\"@type\":\"ListItem\",\"position\":1,\"name\":\"Home\",\"item\":\"https:\/\/valentinacarielart.com\/\"},{\"@type\":\"ListItem\",\"position\":2,\"name\":\"About\"}]},{\"@type\":\"WebSite\",\"@id\":\"https:\/\/valentinacarielart.com\/#website\",\"url\":\"https:\/\/valentinacarielart.com\/\",\"name\":\"Valentina Cariel\",\"description\":\"Illustrator\",\"publisher\":{\"@id\":\"https:\/\/valentinacarielart.com\/#organization\"},\"potentialAction\":[{\"@type\":\"SearchAction\",\"target\":{\"@type\":\"EntryPoint\",\"urlTemplate\":\"https:\/\/valentinacarielart.com\/?s={search_term_string}\"},\"query-input\":{\"@type\":\"PropertyValueSpecification\",\"valueRequired\":true,\"valueName\":\"search_term_string\"}}],\"inLanguage\":\"es\"},{\"@type\":\"Organization\",\"@id\":\"https:\/\/valentinacarielart.com\/#organization\",\"name\":\"Valentina Cariel\",\"url\":\"https:\/\/valentinacarielart.com\/\",\"logo\":{\"@type\":\"ImageObject\",\"inLanguage\":\"es\",\"@id\":\"https:\/\/valentinacarielart.com\/#\/schema\/logo\/image\/\",\"url\":\"https:\/\/valentinacarielart.com\/wp-content\/uploads\/2019\/09\/ValentinaCarielLogo.png\",\"contentUrl\":\"https:\/\/valentinacarielart.com\/wp-content\/uploads\/2019\/09\/ValentinaCarielLogo.png\",\"width\":471,\"height\":147,\"caption\":\"Valentina Cariel\"},\"image\":{\"@id\":\"https:\/\/valentinacarielart.com\/#\/schema\/logo\/image\/\"}}]}<\/script>\n<!-- \/ Yoast SEO plugin. -->","yoast_head_json":{"title":"About - Valentina Cariel","robots":{"index":"index","follow":"follow","max-snippet":"max-snippet:-1","max-image-preview":"max-image-preview:large","max-video-preview":"max-video-preview:-1"},"canonical":"https:\/\/valentinacarielart.com\/es\/about\/","og_locale":"es_ES","og_type":"article","og_title":"About - Valentina Cariel","og_description":"Hi! I&#8217;m Valentina, but you can call me Valen. I&#8217;m a bilingual Illustrator, Social Media Manager, and Copywriter based in Venezuela. I&#8217;ve worked with clients in my country and the US. My passion is creating new things, especially drawing portraits, patterns, and characters in traditional and digital media. Bold colors and textures are often present [&hellip;]","og_url":"https:\/\/valentinacarielart.com\/es\/about\/","og_site_name":"Valentina Cariel","article_modified_time":"2025-06-26T16:48:30+00:00","twitter_card":"summary_large_image","twitter_misc":{"Tiempo estimado de lectura":"1 minuto"},"schema":{"@context":"https:\/\/schema.org","@graph":[{"@type":"WebPage","@id":"https:\/\/valentinacarielart.com\/about\/","url":"https:\/\/valentinacarielart.com\/about\/","name":"About - Valentina Cariel","isPartOf":{"@id":"https:\/\/valentinacarielart.com\/#website"},"datePublished":"2019-08-15T16:57:49+00:00","dateModified":"2025-06-26T16:48:30+00:00","breadcrumb":{"@id":"https:\/\/valentinacarielart.com\/about\/#breadcrumb"},"inLanguage":"es","potentialAction":[{"@type":"ReadAction","target":["https:\/\/valentinacarielart.com\/about\/"]}]},{"@type":"BreadcrumbList","@id":"https:\/\/valentinacarielart.com\/about\/#breadcrumb","itemListElement":[{"@type":"ListItem","position":1,"name":"Home","item":"https:\/\/valentinacarielart.com\/"},{"@type":"ListItem","position":2,"name":"About"}]},{"@type":"WebSite","@id":"https:\/\/valentinacarielart.com\/#website","url":"https:\/\/valentinacarielart.com\/","name":"Valentina Cariel","description":"Illustrator","publisher":{"@id":"https:\/\/valentinacarielart.com\/#organization"},"potentialAction":[{"@type":"SearchAction","target":{"@type":"EntryPoint","urlTemplate":"https:\/\/valentinacarielart.com\/?s={search_term_string}"},"query-input":{"@type":"PropertyValueSpecification","valueRequired":true,"valueName":"search_term_string"}}],"inLanguage":"es"},{"@type":"Organization","@id":"https:\/\/valentinacarielart.com\/#organization","name":"Valentina Cariel","url":"https:\/\/valentinacarielart.com\/","logo":{"@type":"ImageObject","inLanguage":"es","@id":"https:\/\/valentinacarielart.com\/#\/schema\/logo\/image\/","url":"https:\/\/valentinacarielart.com\/wp-content\/uploads\/2019\/09\/ValentinaCarielLogo.png","contentUrl":"https:\/\/valentinacarielart.com\/wp-content\/uploads\/2019\/09\/ValentinaCarielLogo.png","width":471,"height":147,"caption":"Valentina Cariel"},"image":{"@id":"https:\/\/valentinacarielart.com\/#\/schema\/logo\/image\/"}}]}},"jetpack_sharing_enabled":true,"jetpack_likes_enabled":true,"_links":{"self":[{"href":"https:\/\/valentinacarielart.com\/es\/wp-json\/wp\/v2\/pages\/53","targetHints":{"allow":["GET"]}}],"collection":[{"href":"https:\/\/valentinacarielart.com\/es\/wp-json\/wp\/v2\/pages"}],"about":[{"href":"https:\/\/valentinacarielart.com\/es\/wp-json\/wp\/v2\/types\/page"}],"author":[{"embeddable":true,"href":"https:\/\/valentinacarielart.com\/es\/wp-json\/wp\/v2\/users\/2"}],"replies":[{"embeddable":true,"href":"https:\/\/valentinacarielart.com\/es\/wp-json\/wp\/v2\/comments?post=53"}],"version-history":[{"count":10,"href":"https:\/\/valentinacarielart.com\/es\/wp-json\/wp\/v2\/pages\/53\/revisions"}],"predecessor-version":[{"id":1779,"href":"https:\/\/valentinacarielart.com\/es\/wp-json\/wp\/v2\/pages\/53\/revisions\/1779"}],"wp:attachment":[{"href":"https:\/\/valentinacarielart.com\/es\/wp-json\/wp\/v2\/media?parent=53"}],"curies":[{"name":"wp","href":"https:\/\/api.w.org\/{rel}","templated":true}]}}